{"id":8,"date":"2025-10-19T07:44:35","date_gmt":"2025-10-19T07:44:35","guid":{"rendered":"https:\/\/www.ehliyetmaltepe.com\/?page_id=8"},"modified":"2025-10-19T12:22:52","modified_gmt":"2025-10-19T12:22:52","slug":"hakkinda","status":"publish","type":"page","link":"https:\/\/www.ehliyetmaltepe.com\/?page_id=8","title":{"rendered":"Hakk\u0131m\u0131zda"},"content":{"rendered":"\n<div class=\"wp-block-cover alignfull\" style=\"min-height:320px;aspect-ratio:unset;\"><span aria-hidden=\"true\" class=\"wp-block-cover__background has-nv-site-bg-background-color has-background-dim-100 has-background-dim\"><\/span><div class=\"wp-block-cover__inner-container is-layout-flow wp-block-cover-is-layout-flow\">\n<div class=\"wp-block-group\" style=\"padding-right:var(--wp--preset--spacing--30);padding-left:var(--wp--preset--spacing--30)\"><div class=\"wp-block-group__inner-container is-layout-flow wp-block-group-is-layout-flow\">\n<h1 class=\"wp-block-heading has-text-align-left has-neve-text-color-color has-text-color\">Hakk\u0131m\u0131zda <\/h1>\n<\/div><\/div>\n<\/div><\/div>\n\n\n\n<div class=\"wp-block-cover alignfull\" style=\"min-height:600px;aspect-ratio:unset;\"><span aria-hidden=\"true\" class=\"wp-block-cover__background has-nv-light-bg-background-color has-background-dim-100 has-background-dim\"><\/span><div class=\"wp-block-cover__inner-container is-layout-flow wp-block-cover-is-layout-flow\">\n<div class=\"wp-block-group\"><div class=\"wp-block-group__inner-container is-layout-flow wp-block-group-is-layout-flow\">\n<div style=\"height:80px\" aria-hidden=\"true\" class=\"wp-block-spacer\"><\/div>\n\n\n\n<div class=\"wp-block-columns are-vertically-aligned-center has-neve-text-color-color has-text-color is-layout-flex wp-container-core-columns-is-layout-9d6595d7 wp-block-columns-is-layout-flex\">\n<div class=\"wp-block-column is-vertically-aligned-center is-layout-flow wp-block-column-is-layout-flow\" style=\"padding-right:var(--wp--preset--spacing--30);padding-left:var(--wp--preset--spacing--30);flex-basis:50%\">\n<figure class=\"wp-block-image size-full has-custom-border\"><img loading=\"lazy\" decoding=\"async\" width=\"1620\" height=\"1080\" src=\"https:\/\/www.ehliyetmaltepe.com\/wp-content\/uploads\/2025\/10\/Ad-edited.jpg\" alt=\"\" class=\"wp-image-64\" style=\"border-radius:16px\" srcset=\"https:\/\/www.ehliyetmaltepe.com\/wp-content\/uploads\/2025\/10\/Ad-edited.jpg 1620w, https:\/\/www.ehliyetmaltepe.com\/wp-content\/uploads\/2025\/10\/Ad-edited-300x200.jpg 300w, https:\/\/www.ehliyetmaltepe.com\/wp-content\/uploads\/2025\/10\/Ad-edited-1024x683.jpg 1024w, https:\/\/www.ehliyetmaltepe.com\/wp-content\/uploads\/2025\/10\/Ad-edited-768x512.jpg 768w, https:\/\/www.ehliyetmaltepe.com\/wp-content\/uploads\/2025\/10\/Ad-edited-1536x1024.jpg 1536w, https:\/\/www.ehliyetmaltepe.com\/wp-content\/uploads\/2025\/10\/Ad-edited-930x620.jpg 930w\" sizes=\"auto, (max-width: 1620px) 100vw, 1620px\" \/><\/figure>\n<\/div>\n\n\n\n<div class=\"wp-block-column is-vertically-aligned-center is-layout-flow wp-block-column-is-layout-flow\" style=\"padding-top:0;padding-right:var(--wp--preset--spacing--30);padding-bottom:0;padding-left:var(--wp--preset--spacing--30);flex-basis:50%\">\n<h2 class=\"wp-block-heading has-neve-text-color-color has-text-color\">Hakk\u0131m\u0131zda<\/h2>\n\n\n\n<p class=\"has-neve-text-color-color has-text-color\">2018 y\u0131l\u0131ndan bu yana Maltepe ve \u00e7evresinde binlerce s\u00fcr\u00fcc\u00fc aday\u0131na ehliyet alma s\u00fcrecinde g\u00fcvenli, h\u0131zl\u0131 ve profesyonel destek sa\u011fl\u0131yoruz. Amac\u0131m\u0131z yaln\u0131zca adaylar\u0131m\u0131z\u0131 s\u0131nava haz\u0131rlamak de\u011fil, ayn\u0131 zamanda trafi\u011fe bilin\u00e7li ve g\u00fcvenli s\u00fcr\u00fcc\u00fcler kazand\u0131rmakt\u0131r.<\/p>\n\n\n\n<p class=\"has-neve-text-color-color has-text-color\">Modern ara\u00e7 filomuz, deneyimli e\u011fitmen kadromuz ve esnek ders saatlerimizle her \u00f6\u011frencimizin ihtiya\u00e7lar\u0131na \u00f6zel bir e\u011fitim plan\u0131 olu\u015fturuyoruz. Hem teorik hem pratik s\u00fcr\u00fc\u015f e\u011fitimlerimizle y\u00fcksek ba\u015far\u0131 oran\u0131m\u0131z\u0131 gururla s\u00fcrd\u00fcr\u00fcyoruz.<\/p>\n<\/div>\n<\/div>\n\n\n\n<div style=\"height:40px\" aria-hidden=\"true\" class=\"wp-block-spacer\"><\/div>\n<\/div><\/div>\n<\/div><\/div>\n\n\n\n<div class=\"wp-block-cover alignfull\" style=\"min-height:883px;aspect-ratio:unset;\"><span aria-hidden=\"true\" class=\"wp-block-cover__background has-neve-link-hover-color-background-color has-background-dim-100 has-background-dim\"><\/span><div class=\"wp-block-cover__inner-container is-layout-flow wp-block-cover-is-layout-flow\">\n<div class=\"wp-block-group\"><div class=\"wp-block-group__inner-container is-layout-flow wp-block-group-is-layout-flow\">\n<div style=\"height:80px\" aria-hidden=\"true\" class=\"wp-block-spacer\"><\/div>\n\n\n\n<div class=\"wp-block-columns are-vertically-aligned-center is-layout-flex wp-container-core-columns-is-layout-9d6595d7 wp-block-columns-is-layout-flex\">\n<div class=\"wp-block-column is-vertically-aligned-center is-layout-flow wp-block-column-is-layout-flow\" style=\"padding-right:var(--wp--preset--spacing--30);padding-left:var(--wp--preset--spacing--30);flex-basis:50%\">\n<h2 class=\"wp-block-heading has-nv-text-dark-bg-color has-text-color\">Neden Bizi Tercih Etmelisiniz?<\/h2>\n\n\n\n<p class=\"has-nv-text-dark-bg-color has-text-color\">Maltepe\u2019de ehliyet almak isteyen s\u00fcr\u00fcc\u00fc adaylar\u0131na en h\u0131zl\u0131 ve g\u00fcvenilir e\u011fitimi sunuyoruz. Modern ara\u00e7 filomuz, deneyimli e\u011fitmenlerimiz ve y\u00fcksek ba\u015far\u0131 oran\u0131m\u0131zla hem yaz\u0131l\u0131 hem de direksiyon s\u0131nav\u0131na tam donan\u0131ml\u0131 \u015fekilde haz\u0131rlanman\u0131z\u0131 sa\u011fl\u0131yoruz.<\/p>\n\n\n\n<p class=\"has-nv-text-dark-bg-color has-text-color\">G\u00fcvenli s\u00fcr\u00fc\u015f al\u0131\u015fkanl\u0131klar\u0131 kazand\u0131rmak, bizim i\u00e7in bir hedef de\u011fil bir misyondur.<\/p>\n\n\n\n<div style=\"height:20px\" aria-hidden=\"true\" class=\"wp-block-spacer\"><\/div>\n\n\n\n<div class=\"wp-block-buttons has-custom-font-size has-small-font-size is-content-justification-left is-layout-flex wp-container-core-buttons-is-layout-fdcfc74e wp-block-buttons-is-layout-flex\">\n<div class=\"wp-block-button is-style-default\"><a class=\"wp-block-button__link has-nv-text-dark-bg-color has-neve-link-color-background-color has-text-color has-background has-link-color has-custom-font-size wp-element-button\" href=\"https:\/\/api.whatsapp.com\/send\/?phone=905359620386&amp;text&amp;type=phone_number&amp;app_absent=0\" style=\"font-size:16px\">\u0130leti\u015fime Ge\u00e7in<\/a><\/div>\n<\/div>\n\n\n\n<div style=\"height:20px\" aria-hidden=\"true\" class=\"wp-block-spacer\"><\/div>\n<\/div>\n\n\n\n<div class=\"wp-block-column is-vertically-aligned-center is-layout-flow wp-block-column-is-layout-flow\" style=\"padding-right:var(--wp--preset--spacing--30);padding-left:var(--wp--preset--spacing--30);flex-basis:50%\">\n<figure class=\"wp-block-image size-full has-custom-border\"><img loading=\"lazy\" decoding=\"async\" width=\"1536\" height=\"1024\" src=\"https:\/\/www.ehliyetmaltepe.com\/wp-content\/uploads\/2025\/10\/iddmage.png\" alt=\"\" class=\"wp-image-62\" style=\"border-radius:16px\" srcset=\"https:\/\/www.ehliyetmaltepe.com\/wp-content\/uploads\/2025\/10\/iddmage.png 1536w, https:\/\/www.ehliyetmaltepe.com\/wp-content\/uploads\/2025\/10\/iddmage-300x200.png 300w, https:\/\/www.ehliyetmaltepe.com\/wp-content\/uploads\/2025\/10\/iddmage-1024x683.png 1024w, https:\/\/www.ehliyetmaltepe.com\/wp-content\/uploads\/2025\/10\/iddmage-768x512.png 768w, https:\/\/www.ehliyetmaltepe.com\/wp-content\/uploads\/2025\/10\/iddmage-930x620.png 930w\" sizes=\"auto, (max-width: 1536px) 100vw, 1536px\" \/><\/figure>\n<\/div>\n<\/div>\n\n\n\n<div style=\"height:40px\" aria-hidden=\"true\" class=\"wp-block-spacer\"><\/div>\n<\/div><\/div>\n<\/div><\/div>\n\n\n\n<div class=\"wp-block-cover alignfull\" style=\"min-height:800px;aspect-ratio:unset;\"><img loading=\"lazy\" decoding=\"async\" width=\"1024\" height=\"576\" class=\"wp-block-cover__image-background wp-image-61 size-large\" alt=\"\" src=\"https:\/\/www.ehliyetmaltepe.com\/wp-content\/uploads\/2025\/10\/Ad-1024x576.png\" data-object-fit=\"cover\" srcset=\"https:\/\/www.ehliyetmaltepe.com\/wp-content\/uploads\/2025\/10\/Ad-1024x576.png 1024w, https:\/\/www.ehliyetmaltepe.com\/wp-content\/uploads\/2025\/10\/Ad-300x169.png 300w, https:\/\/www.ehliyetmaltepe.com\/wp-content\/uploads\/2025\/10\/Ad-768x432.png 768w, https:\/\/www.ehliyetmaltepe.com\/wp-content\/uploads\/2025\/10\/Ad-1536x864.png 1536w, https:\/\/www.ehliyetmaltepe.com\/wp-content\/uploads\/2025\/10\/Ad.png 1920w\" sizes=\"auto, (max-width: 1024px) 100vw, 1024px\" \/><span aria-hidden=\"true\" class=\"wp-block-cover__background has-nv-site-bg-background-color has-background-dim-90 has-background-dim\"><\/span><div class=\"wp-block-cover__inner-container is-layout-flow wp-block-cover-is-layout-flow\">\n<h2 class=\"wp-block-heading alignwide has-neve-link-hover-color-color has-text-color\" style=\"font-size:64px\">Maltepe S\u00fcr\u00fcc\u00fc Kursu ile G\u00fcvenli S\u00fcr\u00fc\u015fe ilk ad\u0131m\u0131n\u0131z\u0131 at\u0131n.<\/h2>\n\n\n\n<div class=\"wp-block-columns alignwide is-layout-flex wp-container-core-columns-is-layout-9d6595d7 wp-block-columns-is-layout-flex\">\n<div class=\"wp-block-column is-layout-flow wp-block-column-is-layout-flow\" style=\"flex-basis:55%\">\n<p class=\"has-neve-link-hover-color-color has-text-color\" style=\"font-size:12px;line-height:1.3\">Y\u0131llard\u0131r Maltepe\u2019de binlerce aday\u0131n ehliyet sahibi olmas\u0131na yard\u0131mc\u0131 olduk. Modern ara\u00e7lar\u0131m\u0131z, deneyimli e\u011fitmenlerimiz ve y\u00fcksek ba\u015far\u0131 oran\u0131m\u0131zla yaln\u0131zca s\u0131nav\u0131 ge\u00e7menizi de\u011fil, g\u00fcvenli bir s\u00fcr\u00fcc\u00fc olman\u0131z\u0131 sa\u011fl\u0131yoruz.<br>Ehliyet alma s\u00fcrecini sizin i\u00e7in kolay, h\u0131zl\u0131 ve konforlu hale getiriyoruz. Siz de bug\u00fcn kay\u0131t olun, direksiyon ba\u015f\u0131na g\u00fcvenle ge\u00e7in!<\/p>\n<\/div>\n\n\n\n<div class=\"wp-block-column is-layout-flow wp-block-column-is-layout-flow\"><\/div>\n<\/div>\n<\/div><\/div>\n\n\n\n<p><\/p>\n","protected":false},"excerpt":{"rendered":"","protected":false},"author":1,"featured_media":0,"parent":0,"menu_order":0,"comment_status":"closed","ping_status":"closed","template":"","meta":{"neve_meta_sidebar":"","neve_meta_container":"","neve_meta_enable_content_width":"on","neve_meta_content_width":100,"neve_meta_title_alignment":"","neve_meta_author_avatar":"","neve_post_elements_order":"","neve_meta_disable_header":"","neve_meta_disable_footer":"","neve_meta_disable_title":"on","footnotes":""},"class_list":["post-8","page","type-page","status-publish","hentry"],"_links":{"self":[{"href":"https:\/\/www.ehliyetmaltepe.com\/index.php?rest_route=\/wp\/v2\/pages\/8","targetHints":{"allow":["GET"]}}],"collection":[{"href":"https:\/\/www.ehliyetmaltepe.com\/index.php?rest_route=\/wp\/v2\/pages"}],"about":[{"href":"https:\/\/www.ehliyetmaltepe.com\/index.php?rest_route=\/wp\/v2\/types\/page"}],"author":[{"embeddable":true,"href":"https:\/\/www.ehliyetmaltepe.com\/index.php?rest_route=\/wp\/v2\/users\/1"}],"replies":[{"embeddable":true,"href":"https:\/\/www.ehliyetmaltepe.com\/index.php?rest_route=%2Fwp%2Fv2%2Fcomments&post=8"}],"version-history":[{"count":5,"href":"https:\/\/www.ehliyetmaltepe.com\/index.php?rest_route=\/wp\/v2\/pages\/8\/revisions"}],"predecessor-version":[{"id":79,"href":"https:\/\/www.ehliyetmaltepe.com\/index.php?rest_route=\/wp\/v2\/pages\/8\/revisions\/79"}],"wp:attachment":[{"href":"https:\/\/www.ehliyetmaltepe.com\/index.php?rest_route=%2Fwp%2Fv2%2Fmedia&parent=8"}],"curies":[{"name":"wp","href":"https:\/\/api.w.org\/{rel}","templated":true}]}}